{"id":71590,"date":"2025-01-28T18:30:31","date_gmt":"2025-01-28T18:30:31","guid":{"rendered":"https:\/\/vancouver25dev.wpenginepowered.com\/?page_id=71590"},"modified":"2026-02-18T09:48:58","modified_gmt":"2026-02-18T14:48:58","slug":"lor","status":"publish","type":"page","link":"https:\/\/hamiltongold.ca\/fr\/sell-to-us\/gold\/","title":{"rendered":"Vendre son or"},"content":{"rendered":"<p>[et_pb_section fb_built=&#8221;1&#8243; custom_padding_last_edited=&#8221;on|desktop&#8221; admin_label=&#8221;Section&#8221; _builder_version=&#8221;4.27.4&#8243; _module_preset=&#8221;default&#8221; background_color=&#8221;#032340&#8243; height_tablet=&#8221;&#8221; height_phone=&#8221;&#8221; height_last_edited=&#8221;on|desktop&#8221; custom_padding=&#8221;9px||4px||false|false&#8221; custom_padding_tablet=&#8221;9px||4px||false|false&#8221; custom_padding_phone=&#8221;9px||4px||false|false&#8221; border_color_bottom=&#8221;#D2AE74&#8243; saved_tabs=&#8221;all&#8221; locked=&#8221;off&#8221; collapsed=&#8221;off&#8221; global_colors_info=&#8221;{}&#8221;][et_pb_row make_equal=&#8221;on&#8221; _builder_version=&#8221;4.27.4&#8243; _module_preset=&#8221;default&#8221; custom_padding=&#8221;0px||0px||false|false&#8221; custom_css_main_element=&#8221;display:flex;&#8221; global_colors_info=&#8221;{}&#8221;][et_pb_column type=&#8221;4_4&#8243; _builder_version=&#8221;4.27.4&#8243; _module_preset=&#8221;default&#8221; custom_css_main_element=&#8221;display:flex;||flex-direction:column;||justify-content: center;&#8221; global_colors_info=&#8221;{}&#8221;][et_pb_text admin_label=&#8221;page title&#8221; _builder_version=&#8221;4.27.4&#8243; _dynamic_attributes=&#8221;content&#8221; _module_preset=&#8221;default&#8221; header_font=&#8221;|&#8211;et_global_heading_font_weight||on|||||&#8221; header_text_align=&#8221;center&#8221; header_text_color=&#8221;#FFFFFF&#8221; header_font_size=&#8221;38px&#8221; custom_css_free_form=&#8221;.selector h1 {||  font-weight:400!important;||}&#8221; global_colors_info=&#8221;{}&#8221;]@ET-DC@eyJkeW5hbWljIjp0cnVlLCJjb250ZW50IjoicG9zdF90aXRsZSIsInNldHRpbmdzIjp7ImJlZm9yZSI6IjxoMT4iLCJhZnRlciI6IjwvaDE+In19@[\/et_pb_text][\/et_pb_column][\/et_pb_row][\/et_pb_section][et_pb_section fb_built=&#8221;1&#8243; _builder_version=&#8221;4.27.4&#8243; _module_preset=&#8221;default&#8221; custom_margin=&#8221;||20px||false|false&#8221; custom_padding=&#8221;0px||0px||false|false&#8221; global_module=&#8221;151&#8243; saved_tabs=&#8221;all&#8221; locked=&#8221;off&#8221; global_colors_info=&#8221;{}&#8221;][et_pb_row _builder_version=&#8221;4.27.4&#8243; _module_preset=&#8221;default&#8221; max_width=&#8221;1280px&#8221; custom_padding=&#8221;20px||20px||true|false&#8221; global_colors_info=&#8221;{}&#8221;][et_pb_column type=&#8221;4_4&#8243; _builder_version=&#8221;4.27.4&#8243; _module_preset=&#8221;default&#8221; global_colors_info=&#8221;{}&#8221;][et_pb_text admin_label=&#8221;breadcrumbs&#8221; _builder_version=&#8221;4.27.4&#8243; _module_preset=&#8221;default&#8221; text_font=&#8221;|&#8211;et_global_body_font_weight||on|||||&#8221; text_text_color=&#8221;#0E3E63&#8243; text_font_size=&#8221;14px&#8221; link_font=&#8221;|||on|||||&#8221; link_text_color=&#8221;#000000&#8243; global_colors_info=&#8221;{}&#8221;]<\/p>\n<div data-plaintext=\"true\" data-pm-slice=\"1 1 [&quot;codeblock&quot;,{&quot;style&quot;:null,&quot;codeblock&quot;:true,&quot;textAlign&quot;:null,&quot;syntaxLanguage&quot;:null,&quot;lineWrapping&quot;:false}]\" data-en-clipboard=\"true\"><span><span><a href=\"https:\/\/hamiltongold.ca\/\">Home<\/a><\/span><\/span><\/div>\n<p>[\/et_pb_text][\/et_pb_column][\/et_pb_row][\/et_pb_section][et_pb_section fb_built=&#8221;1&#8243; _builder_version=&#8221;4.27.4&#8243; _module_preset=&#8221;default&#8221; custom_margin=&#8221;||||false|false&#8221; custom_padding=&#8221;0px||0px||false|false&#8221; global_colors_info=&#8221;{}&#8221;][et_pb_row column_structure=&#8221;1_2,1_2&#8243; _builder_version=&#8221;4.27.4&#8243; _module_preset=&#8221;default&#8221; max_width=&#8221;1280px&#8221; custom_margin=&#8221;30px||||false|false&#8221; custom_padding=&#8221;0px||20px||false|false&#8221; global_colors_info=&#8221;{}&#8221;][et_pb_column type=&#8221;1_2&#8243; _builder_version=&#8221;4.27.4&#8243; _module_preset=&#8221;default&#8221; global_colors_info=&#8221;{}&#8221;][et_pb_text admin_label=&#8221;h2 &#038; h3&#8243; _builder_version=&#8221;4.27.4&#8243; _module_preset=&#8221;default&#8221; text_text_color=&#8221;#000000&#8243; header_2_font=&#8221;|600|||||||&#8221; header_2_font_size=&#8221;36px&#8221; header_3_line_height=&#8221;1.2em&#8221; global_colors_info=&#8221;{}&#8221;]<\/p>\n<h2>Canada Gold &#8211; Hamilton is the city&#8217;s top gold buyer.<\/h2>\n<h3>Get the best value for your gold, guaranteed.<\/h3>\n<p>[\/et_pb_text][et_pb_text admin_label=&#8221;intro paragraph&#8221; _builder_version=&#8221;4.27.4&#8243; _module_preset=&#8221;default&#8221; text_text_color=&#8221;#000000&#8243; header_3_line_height=&#8221;1.2em&#8221; global_colors_info=&#8221;{}&#8221;]<\/p>\n<p>If it&#8217;s gold, we buy it. From jewellery to coins to bars to ingots to dental fillings, we have the ability to accurately evaluate the purity and weight of your gold items and then make you an offer based on current market rates. Why do current market rates matter? If the price of gold is up, shouldn&#8217;t you be offered more for your gold items? Of course! Though you might not know it, visiting some pawn shops or other gold buyers who want to offer you as little as possible for your valuables. Unlike those buyers, our prices are standardized. If you bring in a weight of gold at a specific purity in our Hamilton store and someone else brought in the same thing at the same time to our Mississauga store, you would both get the same offer and that offer is likely to be much better than any other in either city. If you find a better offer by another buyer, we&#8217;ll beat it by 20% of the difference, provided certain conditions are met. <a href=\"https:\/\/canadagold.ca\/about-canada-gold\/best-gold-prices-canada-guarantee\/\" target=\"_blank\" rel=\"noopener\">Learn more about our best price guarantee.<\/a><\/p>\n<p>[\/et_pb_text][\/et_pb_column][et_pb_column type=&#8221;1_2&#8243; _builder_version=&#8221;4.27.4&#8243; _module_preset=&#8221;default&#8221; background_enable_image=&#8221;off&#8221; custom_padding=&#8221;10px||||false|false&#8221; global_colors_info=&#8221;{}&#8221;][et_pb_text admin_label=&#8221;bullion price table heading&#8221; _builder_version=&#8221;4.27.4&#8243; _module_preset=&#8221;default&#8221; custom_margin=&#8221;||10px||false|false&#8221; global_colors_info=&#8221;{}&#8221;]<\/p>\n<h3>Today&#8217;s Bullion Prices<\/h3>\n<p>[\/et_pb_text][et_pb_code admin_label=&#8221;price table %91CODE%93&#8243; _builder_version=&#8221;4.27.4&#8243; _module_preset=&#8221;default&#8221; custom_margin=&#8221;||0px||false|false&#8221; global_colors_info=&#8221;{}&#8221;]<table class=\"cg-table gold\">\n            <thead>\n                <tr>\n                    <th>Gold Bullion<\/th>\n                    <th>Price<\/th>\n                <\/tr>\n            <\/thead>\n            <tbody>\n                <tr>\n                    <td>1 oz Gold Maple Leaf 9999<\/td>\n                    <td>$6,396.58\/coin<\/td>\n                <\/tr>\n                <tr>\n                    <td>1 oz Gold Maple Leaf 9999 (2014 or Later)<\/td>\n                    <td>$6,429.38\/coin<\/td>\n                <\/tr>\n                <tr>\n                    <td>1 oz Gold Maple Leaf Damaged or 999<\/td>\n                    <td>$6,166.95\/coin<\/td>\n                <\/tr>\n                <tr>\n                    <td>Gold Maple Leaf under 1 oz<\/td>\n                    <td>$210.93\/g<\/td>\n                <\/tr>\n                <tr>\n                    <td>1 oz Recognized Gold Bar<\/td>\n                    <td>$6,396.58\/bar<\/td>\n                <\/tr>\n                <tr>\n                    <td>5 oz Recognized Gold Bar<\/td>\n                    <td>$31,326.82\/bar<\/td>\n                <\/tr>\n                <tr>\n                    <td>10 oz Recognized Gold Bar<\/td>\n                    <td>$62,325.61\/bar<\/td>\n                <\/tr>\n                <tr>\n                    <td>Unrecognized Gold Bars<\/td>\n                    <td>$6,002.94\/oz<\/td>\n                <\/tr>\n            <\/tbody>\n        <\/table>[\/et_pb_code][et_pb_code admin_label=&#8221;API Timestamp Shortcode&#8221; _builder_version=&#8221;4.27.4&#8243; _module_preset=&#8221;default&#8221; custom_margin=&#8221;20px||||false|false&#8221; global_module=&#8221;74683&#8243; global_colors_info=&#8221;{}&#8221;]<p class=\"date_updated\">Prices updated as of: <span>04\/16\/2026 03:04 PM EDT<\/span><\/p>[\/et_pb_code][\/et_pb_column][\/et_pb_row][et_pb_row _builder_version=&#8221;4.27.4&#8243; _module_preset=&#8221;default&#8221; max_width=&#8221;1280px&#8221; custom_padding=&#8221;20px||||false|false&#8221; global_colors_info=&#8221;{}&#8221;][et_pb_column type=&#8221;4_4&#8243; _builder_version=&#8221;4.27.4&#8243; _module_preset=&#8221;default&#8221; global_colors_info=&#8221;{}&#8221;][et_pb_text admin_label=&#8221;Understanding Gold Sales at Canada Gold &#8211; Hamilton&#8221; _builder_version=&#8221;4.27.4&#8243; _module_preset=&#8221;default&#8221; link_font=&#8221;|700|||||||&#8221; global_colors_info=&#8221;{}&#8221;]<\/p>\n<p class=\"whitespace-normal break-words\"><strong>Understanding Gold Sales at Canada Gold &#8211; Hamilton<\/strong><\/p>\n<p class=\"whitespace-normal break-words\">When you visit our store to sell gold, we approach each transaction with transparency and expertise, using state-of-the-art testing equipment while you watch and learn about the evaluation process. Our comprehensive assessments are always obligation-free, and we never pressure customers into selling their precious items. The final decision remains entirely yours.<\/p>\n<p class=\"whitespace-normal break-words\"><strong>The Testing Category: Variable Purity Gold<\/strong><\/p>\n<p class=\"whitespace-normal break-words\">The majority of gold items require individual testing to determine their true value. This category encompasses jewellery pieces, unidentified gold rounds, foreign currency, and dental gold\u2014all items where purity cannot be predetermined. Even high-end jewellery bearing karat stamps undergoes our rigorous testing protocol to verify that the actual gold content matches the manufacturer&#8217;s markings, ensuring accurate valuations every time.<\/p>\n<p class=\"whitespace-normal break-words\"><strong>The Bullion Category: Standardized Gold Products<\/strong><\/p>\n<p class=\"whitespace-normal break-words\">Recognized gold bullion represents the more straightforward side of gold purchasing. These standardized products, including coins, ingots, and bars from reputable sources like the Royal Canadian Mint and other trusted international mints, come with predetermined purity and weight specifications. Our role involves authenticating these pieces and calculating their value using current market rates, making the process efficient and transparent.<\/p>\n<p class=\"whitespace-normal break-words\"><strong>Your Evaluation Experience<\/strong><\/p>\n<p class=\"whitespace-normal break-words\">Throughout every assessment, we explain our methodology and findings, ensuring you understand exactly what you own and the reasoning behind our offer. This educational approach, combined with our no-pressure environment, creates the informed, comfortable selling experience that sets Canada Gold &#8211; Hamilton apart from other gold buyers in the city.<\/p>\n<p>&nbsp;<\/p>\n<p>&nbsp;<\/p>\n<p>[\/et_pb_text][\/et_pb_column][\/et_pb_row][et_pb_row _builder_version=&#8221;4.27.4&#8243; _module_preset=&#8221;default&#8221; custom_padding=&#8221;0px||0px||false|false&#8221; global_colors_info=&#8221;{}&#8221;][et_pb_column type=&#8221;4_4&#8243; _builder_version=&#8221;4.27.4&#8243; _module_preset=&#8221;default&#8221; global_colors_info=&#8221;{}&#8221;][dipi_divider content_type=&#8221;image&#8221; content_image=&#8221;https:\/\/hamiltongold.ca\/wp-content\/uploads\/2025\/01\/Canada-Gold-Leaf-2025.png&#8221; content_width=&#8221;100px&#8221; first_decoration_line_color=&#8221;#0E3E63&#8243; _builder_version=&#8221;4.27.4&#8243; _module_preset=&#8221;default&#8221; global_colors_info=&#8221;{}&#8221;][\/dipi_divider][\/et_pb_column][\/et_pb_row][\/et_pb_section][et_pb_section fb_built=&#8221;1&#8243; _builder_version=&#8221;4.27.4&#8243; _module_preset=&#8221;default&#8221; custom_padding=&#8221;30px||40px||false|false&#8221; global_colors_info=&#8221;{}&#8221;][et_pb_row column_structure=&#8221;1_3,1_3,1_3&#8243; _builder_version=&#8221;4.27.4&#8243; _module_preset=&#8221;default&#8221; max_width=&#8221;1280px&#8221; global_colors_info=&#8221;{}&#8221;][et_pb_column type=&#8221;1_3&#8243; _builder_version=&#8221;4.27.4&#8243; _module_preset=&#8221;default&#8221; global_colors_info=&#8221;{}&#8221;][et_pb_image src=&#8221;https:\/\/hamiltongold.ca\/wp-content\/uploads\/2025\/01\/gia-logo-trimmed.png&#8221; alt=&#8221;GIA Logo&#8221; title_text=&#8221;gia-logo-trimmed&#8221; align=&#8221;center&#8221; _builder_version=&#8221;4.27.4&#8243; _module_preset=&#8221;default&#8221; module_alignment=&#8221;center&#8221; height=&#8221;50px&#8221; global_colors_info=&#8221;{}&#8221;][\/et_pb_image][\/et_pb_column][et_pb_column type=&#8221;1_3&#8243; _builder_version=&#8221;4.27.4&#8243; _module_preset=&#8221;default&#8221; global_colors_info=&#8221;{}&#8221;][et_pb_image src=&#8221;https:\/\/hamiltongold.ca\/wp-content\/uploads\/2025\/01\/bbb-accredited-business-a-.png&#8221; alt=&#8221;BBB Accredited&#8221; title_text=&#8221;bbb-accredited-business-a-&#8221; align=&#8221;center&#8221; _builder_version=&#8221;4.27.4&#8243; _module_preset=&#8221;default&#8221; module_alignment=&#8221;center&#8221; height=&#8221;50px&#8221; global_colors_info=&#8221;{}&#8221;][\/et_pb_image][\/et_pb_column][et_pb_column type=&#8221;1_3&#8243; _builder_version=&#8221;4.27.4&#8243; _module_preset=&#8221;default&#8221; global_colors_info=&#8221;{}&#8221;][et_pb_image src=&#8221;https:\/\/hamiltongold.ca\/wp-content\/uploads\/2025\/01\/Royal_Canadian_Mint_Logo_Canada-Gold_Authorized_Distributor-100h.png&#8221; alt=&#8221;Royal_Canadian_Mint_Logo_Canada-Gold_Authorized_Distributor-100h&#8221; align=&#8221;center&#8221; _builder_version=&#8221;4.27.4&#8243; _module_preset=&#8221;default&#8221; height=&#8221;50px&#8221; global_colors_info=&#8221;{}&#8221;][\/et_pb_image][\/et_pb_column][\/et_pb_row][et_pb_row column_structure=&#8221;1_3,1_3,1_3&#8243; _builder_version=&#8221;4.27.4&#8243; _module_preset=&#8221;default&#8221; max_width=&#8221;1280px&#8221; custom_padding=&#8221;0px||||false|false&#8221; global_colors_info=&#8221;{}&#8221;][et_pb_column type=&#8221;1_3&#8243; _builder_version=&#8221;4.27.4&#8243; _module_preset=&#8221;default&#8221; global_colors_info=&#8221;{}&#8221;][et_pb_text _builder_version=&#8221;4.27.4&#8243; _module_preset=&#8221;default&#8221; hover_enabled=&#8221;0&#8243; global_colors_info=&#8221;{}&#8221; sticky_enabled=&#8221;0&#8243;]<\/p>\n<p>Canada Gold buys diamonds that have been appraised by one of our Gemological Institute of America (GIA) certified gemologists, the leading experts in diamond analysis and grading.<\/p>\n<p>[\/et_pb_text][\/et_pb_column][et_pb_column type=&#8221;1_3&#8243; _builder_version=&#8221;4.27.4&#8243; _module_preset=&#8221;default&#8221; global_colors_info=&#8221;{}&#8221;][et_pb_text _builder_version=&#8221;4.27.4&#8243; _module_preset=&#8221;default&#8221; global_colors_info=&#8221;{}&#8221;]<\/p>\n<p>Canada Gold is proudly accredited through the Better Business Bureau. This shows our commitment to providing superior customer service every time you visit.<\/p>\n<p>[\/et_pb_text][\/et_pb_column][et_pb_column type=&#8221;1_3&#8243; _builder_version=&#8221;4.27.4&#8243; _module_preset=&#8221;default&#8221; global_colors_info=&#8221;{}&#8221;][et_pb_text _builder_version=&#8221;4.27.4&#8243; _module_preset=&#8221;default&#8221; global_colors_info=&#8221;{}&#8221;]<\/p>\n<p>Canada Gold is proud to be an authorized DNA dealer for the Royal Canadian Mint. We are able to instantly authenticate any registered mint coins.<\/p>\n<p>[\/et_pb_text][\/et_pb_column][\/et_pb_row][\/et_pb_section]<\/p>\n","protected":false},"excerpt":{"rendered":"<p><span><span><a href=\"https:\/\/hamiltongold.ca\/\">Home<\/a><\/span><\/span>Canada Gold &#8211; Hamilton is the city&#8217;s top gold buyer. Get the best value for your gold, guaranteed.If it&#8217;s gold, we buy it. From jewellery to coins to bars to ingots to dental fillings, we have the ability to accurately evaluate the purity and weight of your gold items and then make you an offer [&hellip;]<\/p>\n","protected":false},"author":1,"featured_media":0,"parent":71260,"menu_order":0,"comment_status":"closed","ping_status":"closed","template":"","meta":{"_acf_changed":false,"_et_pb_use_builder":"on","_et_pb_old_content":"","_et_gb_content_width":"","footnotes":""},"class_list":["post-71590","page","type-page","status-publish","hentry"],"acf":[],"yoast_head":"<!-- This site is optimized with the Yoast SEO plugin v27.4 - https:\/\/yoast.com\/product\/yoast-seo-wordpress\/ -->\n<title>Sell Your Gold - Hamilton Gold<\/title>\n<meta name=\"description\" content=\"Do you have gold bullion to sell? We offer the guaranteed best price on coins, ingots and bars with a no-obligation evaluation.\" \/>\n<meta name=\"robots\" content=\"index, follow, max-snippet:-1, max-image-preview:large, max-video-preview:-1\" \/>\n<link rel=\"canonical\" href=\"https:\/\/hamiltongold.ca\/fr\/sell-to-us\/lor\/\" \/>\n<meta property=\"og:locale\" content=\"fr_CA\" \/>\n<meta property=\"og:type\" content=\"article\" \/>\n<meta property=\"og:title\" content=\"Sell Your Gold - Hamilton Gold\" \/>\n<meta property=\"og:description\" content=\"Do you have gold bullion to sell? We offer the guaranteed best price on coins, ingots and bars with a no-obligation evaluation.\" \/>\n<meta property=\"og:url\" content=\"https:\/\/hamiltongold.ca\/fr\/sell-to-us\/lor\/\" \/>\n<meta property=\"og:site_name\" content=\"Hamilton Gold\" \/>\n<meta property=\"article:publisher\" content=\"https:\/\/www.facebook.com\/CanadaGoldBBB\" \/>\n<meta property=\"article:modified_time\" content=\"2026-02-18T14:48:58+00:00\" \/>\n<meta name=\"twitter:card\" content=\"summary_large_image\" \/>\n<meta name=\"twitter:site\" content=\"@canadagoldbbb\" \/>\n<meta name=\"twitter:label1\" content=\"Estimation du temps de lecture\" \/>\n\t<meta name=\"twitter:data1\" content=\"4 minutes\" \/>\n<script type=\"application\/ld+json\" class=\"yoast-schema-graph\">{\"@context\":\"https:\\\/\\\/schema.org\",\"@graph\":[{\"@type\":\"WebPage\",\"@id\":\"https:\\\/\\\/hamiltongold.ca\\\/sell-to-us\\\/gold\\\/\",\"url\":\"https:\\\/\\\/hamiltongold.ca\\\/sell-to-us\\\/gold\\\/\",\"name\":\"Sell Your Gold - Hamilton Gold\",\"isPartOf\":{\"@id\":\"https:\\\/\\\/hamiltongold.ca\\\/#website\"},\"datePublished\":\"2025-01-28T18:30:31+00:00\",\"dateModified\":\"2026-02-18T14:48:58+00:00\",\"description\":\"Do you have gold bullion to sell? We offer the guaranteed best price on coins, ingots and bars with a no-obligation evaluation.\",\"breadcrumb\":{\"@id\":\"https:\\\/\\\/hamiltongold.ca\\\/sell-to-us\\\/gold\\\/#breadcrumb\"},\"inLanguage\":\"fr-CA\",\"potentialAction\":[{\"@type\":\"ReadAction\",\"target\":[\"https:\\\/\\\/hamiltongold.ca\\\/sell-to-us\\\/gold\\\/\"]}]},{\"@type\":\"BreadcrumbList\",\"@id\":\"https:\\\/\\\/hamiltongold.ca\\\/sell-to-us\\\/gold\\\/#breadcrumb\",\"itemListElement\":[{\"@type\":\"ListItem\",\"position\":1,\"name\":\"Home\",\"item\":\"https:\\\/\\\/hamiltongold.ca\\\/\"},{\"@type\":\"ListItem\",\"position\":2,\"name\":\"Sell to Us\",\"item\":\"https:\\\/\\\/hamiltongold.ca\\\/sell-to-us\\\/\"},{\"@type\":\"ListItem\",\"position\":3,\"name\":\"Sell Your Gold\"}]},{\"@type\":\"WebSite\",\"@id\":\"https:\\\/\\\/hamiltongold.ca\\\/#website\",\"url\":\"https:\\\/\\\/hamiltongold.ca\\\/\",\"name\":\"Hamilton Gold\",\"description\":\"A Division of Canada Gold\",\"publisher\":{\"@id\":\"https:\\\/\\\/hamiltongold.ca\\\/#organization\"},\"potentialAction\":[{\"@type\":\"SearchAction\",\"target\":{\"@type\":\"EntryPoint\",\"urlTemplate\":\"https:\\\/\\\/hamiltongold.ca\\\/?s={search_term_string}\"},\"query-input\":{\"@type\":\"PropertyValueSpecification\",\"valueRequired\":true,\"valueName\":\"search_term_string\"}}],\"inLanguage\":\"fr-CA\"},{\"@type\":\"Organization\",\"@id\":\"https:\\\/\\\/hamiltongold.ca\\\/#organization\",\"name\":\"Hamilton Gold\",\"url\":\"https:\\\/\\\/hamiltongold.ca\\\/\",\"logo\":{\"@type\":\"ImageObject\",\"inLanguage\":\"fr-CA\",\"@id\":\"https:\\\/\\\/hamiltongold.ca\\\/#\\\/schema\\\/logo\\\/image\\\/\",\"url\":\"https:\\\/\\\/hamiltongold.ca\\\/wp-content\\\/uploads\\\/2025\\\/08\\\/Canada-Gold-Regional-Web-Logo-Navy-With-White-Background_Hamilton.png\",\"contentUrl\":\"https:\\\/\\\/hamiltongold.ca\\\/wp-content\\\/uploads\\\/2025\\\/08\\\/Canada-Gold-Regional-Web-Logo-Navy-With-White-Background_Hamilton.png\",\"width\":1000,\"height\":193,\"caption\":\"Hamilton Gold\"},\"image\":{\"@id\":\"https:\\\/\\\/hamiltongold.ca\\\/#\\\/schema\\\/logo\\\/image\\\/\"},\"sameAs\":[\"https:\\\/\\\/www.facebook.com\\\/CanadaGoldBBB\",\"https:\\\/\\\/x.com\\\/canadagoldbbb\"]}]}<\/script>\n<!-- \/ Yoast SEO plugin. -->","yoast_head_json":{"title":"Vendez votre or - Hamilton Gold","description":"Vous avez des lingots d'or \u00e0 vendre ? Nous offrons le meilleur prix garanti pour les pi\u00e8ces, les lingots et les barres avec une \u00e9valuation sans obligation.","robots":{"index":"index","follow":"follow","max-snippet":"max-snippet:-1","max-image-preview":"max-image-preview:large","max-video-preview":"max-video-preview:-1"},"canonical":"https:\/\/hamiltongold.ca\/fr\/sell-to-us\/lor\/","og_locale":"fr_CA","og_type":"article","og_title":"Sell Your Gold - Hamilton Gold","og_description":"Do you have gold bullion to sell? We offer the guaranteed best price on coins, ingots and bars with a no-obligation evaluation.","og_url":"https:\/\/hamiltongold.ca\/fr\/sell-to-us\/lor\/","og_site_name":"Hamilton Gold","article_publisher":"https:\/\/www.facebook.com\/CanadaGoldBBB","article_modified_time":"2026-02-18T14:48:58+00:00","twitter_card":"summary_large_image","twitter_site":"@canadagoldbbb","twitter_misc":{"Estimation du temps de lecture":"4 minutes"},"schema":{"@context":"https:\/\/schema.org","@graph":[{"@type":"WebPage","@id":"https:\/\/hamiltongold.ca\/sell-to-us\/gold\/","url":"https:\/\/hamiltongold.ca\/sell-to-us\/gold\/","name":"Vendez votre or - Hamilton Gold","isPartOf":{"@id":"https:\/\/hamiltongold.ca\/#website"},"datePublished":"2025-01-28T18:30:31+00:00","dateModified":"2026-02-18T14:48:58+00:00","description":"Vous avez des lingots d'or \u00e0 vendre ? Nous offrons le meilleur prix garanti pour les pi\u00e8ces, les lingots et les barres avec une \u00e9valuation sans obligation.","breadcrumb":{"@id":"https:\/\/hamiltongold.ca\/sell-to-us\/gold\/#breadcrumb"},"inLanguage":"fr-CA","potentialAction":[{"@type":"ReadAction","target":["https:\/\/hamiltongold.ca\/sell-to-us\/gold\/"]}]},{"@type":"BreadcrumbList","@id":"https:\/\/hamiltongold.ca\/sell-to-us\/gold\/#breadcrumb","itemListElement":[{"@type":"ListItem","position":1,"name":"Home","item":"https:\/\/hamiltongold.ca\/"},{"@type":"ListItem","position":2,"name":"Sell to Us","item":"https:\/\/hamiltongold.ca\/sell-to-us\/"},{"@type":"ListItem","position":3,"name":"Sell Your Gold"}]},{"@type":"WebSite","@id":"https:\/\/hamiltongold.ca\/#website","url":"https:\/\/hamiltongold.ca\/","name":"Hamilton Gold","description":"Une division de Canada Gold","publisher":{"@id":"https:\/\/hamiltongold.ca\/#organization"},"potentialAction":[{"@type":"SearchAction","target":{"@type":"EntryPoint","urlTemplate":"https:\/\/hamiltongold.ca\/?s={search_term_string}"},"query-input":{"@type":"PropertyValueSpecification","valueRequired":true,"valueName":"search_term_string"}}],"inLanguage":"fr-CA"},{"@type":"Organization","@id":"https:\/\/hamiltongold.ca\/#organization","name":"Hamilton Gold","url":"https:\/\/hamiltongold.ca\/","logo":{"@type":"ImageObject","inLanguage":"fr-CA","@id":"https:\/\/hamiltongold.ca\/#\/schema\/logo\/image\/","url":"https:\/\/hamiltongold.ca\/wp-content\/uploads\/2025\/08\/Canada-Gold-Regional-Web-Logo-Navy-With-White-Background_Hamilton.png","contentUrl":"https:\/\/hamiltongold.ca\/wp-content\/uploads\/2025\/08\/Canada-Gold-Regional-Web-Logo-Navy-With-White-Background_Hamilton.png","width":1000,"height":193,"caption":"Hamilton Gold"},"image":{"@id":"https:\/\/hamiltongold.ca\/#\/schema\/logo\/image\/"},"sameAs":["https:\/\/www.facebook.com\/CanadaGoldBBB","https:\/\/x.com\/canadagoldbbb"]}]}},"_links":{"self":[{"href":"https:\/\/hamiltongold.ca\/fr\/wp-json\/wp\/v2\/pages\/71590","targetHints":{"allow":["GET"]}}],"collection":[{"href":"https:\/\/hamiltongold.ca\/fr\/wp-json\/wp\/v2\/pages"}],"about":[{"href":"https:\/\/hamiltongold.ca\/fr\/wp-json\/wp\/v2\/types\/page"}],"author":[{"embeddable":true,"href":"https:\/\/hamiltongold.ca\/fr\/wp-json\/wp\/v2\/users\/1"}],"replies":[{"embeddable":true,"href":"https:\/\/hamiltongold.ca\/fr\/wp-json\/wp\/v2\/comments?post=71590"}],"version-history":[{"count":0,"href":"https:\/\/hamiltongold.ca\/fr\/wp-json\/wp\/v2\/pages\/71590\/revisions"}],"up":[{"embeddable":true,"href":"https:\/\/hamiltongold.ca\/fr\/wp-json\/wp\/v2\/pages\/71260"}],"wp:attachment":[{"href":"https:\/\/hamiltongold.ca\/fr\/wp-json\/wp\/v2\/media?parent=71590"}],"curies":[{"name":"wp","href":"https:\/\/api.w.org\/{rel}","templated":true}]}}